{"id":15,"date":"2016-09-08T15:26:33","date_gmt":"2016-09-08T15:26:33","guid":{"rendered":"https:\/\/ufh.nu\/?page_id=15"},"modified":"2024-03-08T01:59:37","modified_gmt":"2024-03-08T01:59:37","slug":"manadstraffar","status":"publish","type":"page","link":"https:\/\/ufh.nu\/?page_id=15","title":{"rendered":"M\u00e5nadstr\u00e4ffar"},"content":{"rendered":"<h1><strong>Medlemsm\u00f6ten v\u00e5ren 2023<\/strong><\/h1>\n<p>Efter alla sv\u00e5righeter f\u00f6r f\u00f6reningslivet under corona-pandemin, drar vi nu ig\u00e5ng v\u00e5r vanliga verksamhet med m\u00e5nadstr\u00e4ffar igen.<\/p>\n<p>V\u00e5ra m\u00f6ten\u00a0h\u00e5lls\u00a0i\u00a0Studiefr\u00e4mjandets lokaler, Ljusb\u00e4rargatan 2 (f.d. Portalgatan 2), Uppsala.<\/p>\n<p><strong>Tid: kl 17:30<\/strong><\/p>\n<h2><strong>Onsdag 1 februari<br \/>\n<\/strong><\/h2>\n<p>&nbsp;<\/p>\n<h2><strong>Onsdag 1 mars<\/strong><\/h2>\n<p>&nbsp;<\/p>\n<h2><strong>Onsdag 5 april<\/strong><\/h2>\n<p>\u00c5rsm\u00f6te verksamhets\u00e5ren 2020\/2021 och 2021\/2022.<\/p>\n<p>&nbsp;<\/p>\n<h2><strong>Onsdag 3 maj<\/strong><\/h2>\n<p>&nbsp;<\/p>\n<p>Varmt v\u00e4lkomna!<\/p>\n<p>&nbsp;<\/p>\n","protected":false},"excerpt":{"rendered":"<p>Medlemsm\u00f6ten v\u00e5ren 2023 Efter alla sv\u00e5righeter f\u00f6r f\u00f6reningslivet under corona-pandemin, drar vi nu ig\u00e5ng v\u00e5r vanliga verksamhet med m\u00e5nadstr\u00e4ffar igen. V\u00e5ra m\u00f6ten\u00a0h\u00e5lls\u00a0i\u00a0Studiefr\u00e4mjandets lokaler, Ljusb\u00e4rargatan 2 (f.d. Portalgatan 2), Uppsala. Tid: kl 17:30 Onsdag 1 februari &nbsp; Onsdag 1 mars &nbsp; &hellip; <a href=\"https:\/\/ufh.nu\/?page_id=15\">Forts\u00e4tt l\u00e4sa <span class=\"meta-nav\">&rarr;<\/span><\/a><\/p>\n","protected":false},"author":2,"featured_media":0,"parent":0,"menu_order":0,"comment_status":"closed","ping_status":"closed","template":"","meta":{"footnotes":""},"class_list":["post-15","page","type-page","status-publish","hentry"],"_links":{"self":[{"href":"https:\/\/ufh.nu\/index.php?rest_route=\/wp\/v2\/pages\/15","targetHints":{"allow":["GET"]}}],"collection":[{"href":"https:\/\/ufh.nu\/index.php?rest_route=\/wp\/v2\/pages"}],"about":[{"href":"https:\/\/ufh.nu\/index.php?rest_route=\/wp\/v2\/types\/page"}],"author":[{"embeddable":true,"href":"https:\/\/ufh.nu\/index.php?rest_route=\/wp\/v2\/users\/2"}],"replies":[{"embeddable":true,"href":"https:\/\/ufh.nu\/index.php?rest_route=%2Fwp%2Fv2%2Fcomments&post=15"}],"version-history":[{"count":1,"href":"https:\/\/ufh.nu\/index.php?rest_route=\/wp\/v2\/pages\/15\/revisions"}],"predecessor-version":[{"id":192,"href":"https:\/\/ufh.nu\/index.php?rest_route=\/wp\/v2\/pages\/15\/revisions\/192"}],"wp:attachment":[{"href":"https:\/\/ufh.nu\/index.php?rest_route=%2Fwp%2Fv2%2Fmedia&parent=15"}],"curies":[{"name":"wp","href":"https:\/\/api.w.org\/{rel}","templated":true}]}}